{"id":136,"date":"2022-11-18T13:34:03","date_gmt":"2022-11-18T13:34:03","guid":{"rendered":"http:\/\/liceuldeartaoradea.ro\/maghiara\/?page_id=136"},"modified":"2023-02-04T09:21:20","modified_gmt":"2023-02-04T09:21:20","slug":"hirek","status":"publish","type":"page","link":"https:\/\/liceuldeartaoradea.ro\/maghiara\/hirek\/","title":{"rendered":"H\u00edrek"},"content":{"rendered":"<p>[et_pb_section fb_built=&#8221;1&#8243; _builder_version=&#8221;4.19.1&#8243; _module_preset=&#8221;default&#8221; global_colors_info=&#8221;{}&#8221;][et_pb_row _builder_version=&#8221;4.19.1&#8243; _module_preset=&#8221;default&#8221; global_colors_info=&#8221;{}&#8221;][et_pb_column type=&#8221;4_4&#8243; _builder_version=&#8221;4.19.1&#8243; _module_preset=&#8221;default&#8221; global_colors_info=&#8221;{}&#8221;][et_pb_text _builder_version=&#8221;4.19.1&#8243; _module_preset=&#8221;default&#8221; header_2_font=&#8221;Prata||||||||&#8221; header_2_font_size=&#8221;45px&#8221; hover_enabled=&#8221;0&#8243; global_colors_info=&#8221;{}&#8221; sticky_enabled=&#8221;0&#8243;]<\/p>\n<h2>H\u00edrek<\/h2>\n<p>[\/et_pb_text][\/et_pb_column][\/et_pb_row][et_pb_row column_structure=&#8221;1_2,1_2&#8243; _builder_version=&#8221;4.19.1&#8243; _module_preset=&#8221;default&#8221; global_colors_info=&#8221;{}&#8221;][et_pb_column type=&#8221;1_2&#8243; _builder_version=&#8221;4.19.1&#8243; _module_preset=&#8221;default&#8221; global_colors_info=&#8221;{}&#8221;][et_pb_text _builder_version=&#8221;4.19.1&#8243; _module_preset=&#8221;default&#8221; global_colors_info=&#8221;{}&#8221;]<\/p>\n<h3><strong>ISKOL\u00c1NK LEGFRISSEBB H\u00cdREI<\/strong><\/h3>\n<p>Iskol\u00e1nk legfrisseb h\u00edreit nyomonk\u00f6vethetik Facebook oldalunkon.<\/p>\n<p>[\/et_pb_text][\/et_pb_column][et_pb_column type=&#8221;1_2&#8243; _builder_version=&#8221;4.19.1&#8243; _module_preset=&#8221;default&#8221; global_colors_info=&#8221;{}&#8221;][et_pb_text _builder_version=&#8221;4.19.1&#8243; _module_preset=&#8221;default&#8221; global_colors_info=&#8221;{}&#8221;]<\/p>\n<h3><strong>A PARK SZ\u00c1LL\u00d3 HANGJAI<\/strong><\/h3>\n<p><span>Iskol\u00e1nk XI. E oszt\u00e1lyos tanul\u00f3i is beneveztek az \u00d6r\u00f6ks\u00e9g\u00fcnk \u0150rei, Fogadj \u00f6r\u00f6kbe egy m\u0171eml\u00e9ket vet\u00e9lked\u0151re! T\u00e1mogassuk \u0151ket, k\u00f6vetv\u00e9n oldalukat \u00e9s kapcsol\u00f3djunk be az \u00e1ltaluk szervezett tev\u00e9kenys\u00e9gekbe! Ossz\u00e1tok meg oldalukat, ahol sok izgalmas t\u00f6rt\u00e9netet ismerhettek meg a Nagyv\u00e1rad sz\u00edv\u00e9ben tal\u00e1lhat\u00f3, jelenleg nagyon romos \u00e1llapotban l\u00e9v\u0151 \u00e9p\u00fcletr\u0151l!<\/span><\/p>\n<p>[\/et_pb_text][\/et_pb_column][\/et_pb_row][et_pb_row column_structure=&#8221;1_2,1_2&#8243; _builder_version=&#8221;4.19.1&#8243; _module_preset=&#8221;default&#8221; global_colors_info=&#8221;{}&#8221;][et_pb_column type=&#8221;1_2&#8243; _builder_version=&#8221;4.19.1&#8243; _module_preset=&#8221;default&#8221; global_colors_info=&#8221;{}&#8221;][dsm_facebook_feed fb_page_url=&#8221;https:\/\/www.facebook.com\/NagyvaradiMuveszetiLiceum&#8221; fb_small_header=&#8221;true&#8221; fb_width=&#8221;500px&#8221; fb_height=&#8221;600px&#8221; _builder_version=&#8221;4.19.1&#8243; _module_preset=&#8221;default&#8221; box_shadow_style=&#8221;preset1&#8243; global_colors_info=&#8221;{}&#8221;][\/dsm_facebook_feed][et_pb_social_media_follow follow_button=&#8221;on&#8221; _builder_version=&#8221;4.19.1&#8243; _module_preset=&#8221;default&#8221; global_colors_info=&#8221;{}&#8221;][et_pb_social_media_follow_network social_network=&#8221;facebook&#8221; url=&#8221;https:\/\/www.facebook.com\/NagyvaradiMuveszetiLiceum&#8221; _builder_version=&#8221;4.19.1&#8243; _module_preset=&#8221;default&#8221; background_color=&#8221;#3b5998&#8243; global_colors_info=&#8221;{}&#8221; follow_button=&#8221;on&#8221; url_new_window=&#8221;on&#8221;]facebook[\/et_pb_social_media_follow_network][\/et_pb_social_media_follow][\/et_pb_column][et_pb_column type=&#8221;1_2&#8243; _builder_version=&#8221;4.19.1&#8243; _module_preset=&#8221;default&#8221; global_colors_info=&#8221;{}&#8221;][dsm_facebook_feed fb_page_url=&#8221;https:\/\/www.facebook.com\/profile.php?id=100087199343884&#8243; fb_small_header=&#8221;true&#8221; fb_width=&#8221;500px&#8221; fb_height=&#8221;600px&#8221; _builder_version=&#8221;4.19.1&#8243; _module_preset=&#8221;default&#8221; box_shadow_style=&#8221;preset1&#8243; global_colors_info=&#8221;{}&#8221;][\/dsm_facebook_feed][et_pb_social_media_follow follow_button=&#8221;on&#8221; _builder_version=&#8221;4.19.1&#8243; _module_preset=&#8221;default&#8221; global_colors_info=&#8221;{}&#8221;][et_pb_social_media_follow_network social_network=&#8221;facebook&#8221; url=&#8221;https:\/\/www.facebook.com\/profile.php?id=100087199343884&#8243; _builder_version=&#8221;4.19.1&#8243; _module_preset=&#8221;default&#8221; background_color=&#8221;#3b5998&#8243; global_colors_info=&#8221;{}&#8221; follow_button=&#8221;on&#8221; url_new_window=&#8221;on&#8221;]facebook[\/et_pb_social_media_follow_network][\/et_pb_social_media_follow][\/et_pb_column][\/et_pb_row][\/et_pb_section]<\/p>\n","protected":false},"excerpt":{"rendered":"<p>H\u00edrekISKOL\u00c1NK LEGFRISSEBB H\u00cdREI Iskol\u00e1nk legfrisseb h\u00edreit nyomonk\u00f6vethetik Facebook oldalunkon.A PARK SZ\u00c1LL\u00d3 HANGJAI Iskol\u00e1nk XI. E oszt\u00e1lyos tanul\u00f3i is beneveztek az \u00d6r\u00f6ks\u00e9g\u00fcnk \u0150rei, Fogadj \u00f6r\u00f6kbe egy m\u0171eml\u00e9ket vet\u00e9lked\u0151re! T\u00e1mogassuk \u0151ket, k\u00f6vetv\u00e9n oldalukat \u00e9s kapcsol\u00f3djunk be az \u00e1ltaluk szervezett tev\u00e9kenys\u00e9gekbe! Ossz\u00e1tok meg oldalukat, ahol sok izgalmas t\u00f6rt\u00e9netet ismerhettek meg a Nagyv\u00e1rad sz\u00edv\u00e9ben tal\u00e1lhat\u00f3, jelenleg nagyon romos \u00e1llapotban [&hellip;]<\/p>\n","protected":false},"author":2,"featured_media":0,"parent":0,"menu_order":0,"comment_status":"closed","ping_status":"closed","template":"","meta":{"_et_pb_use_builder":"on","_et_pb_old_content":"","_et_gb_content_width":"","footnotes":""},"class_list":["post-136","page","type-page","status-publish","hentry"],"_links":{"self":[{"href":"https:\/\/liceuldeartaoradea.ro\/maghiara\/wp-json\/wp\/v2\/pages\/136","targetHints":{"allow":["GET"]}}],"collection":[{"href":"https:\/\/liceuldeartaoradea.ro\/maghiara\/wp-json\/wp\/v2\/pages"}],"about":[{"href":"https:\/\/liceuldeartaoradea.ro\/maghiara\/wp-json\/wp\/v2\/types\/page"}],"author":[{"embeddable":true,"href":"https:\/\/liceuldeartaoradea.ro\/maghiara\/wp-json\/wp\/v2\/users\/2"}],"replies":[{"embeddable":true,"href":"https:\/\/liceuldeartaoradea.ro\/maghiara\/wp-json\/wp\/v2\/comments?post=136"}],"version-history":[{"count":15,"href":"https:\/\/liceuldeartaoradea.ro\/maghiara\/wp-json\/wp\/v2\/pages\/136\/revisions"}],"predecessor-version":[{"id":574,"href":"https:\/\/liceuldeartaoradea.ro\/maghiara\/wp-json\/wp\/v2\/pages\/136\/revisions\/574"}],"wp:attachment":[{"href":"https:\/\/liceuldeartaoradea.ro\/maghiara\/wp-json\/wp\/v2\/media?parent=136"}],"curies":[{"name":"wp","href":"https:\/\/api.w.org\/{rel}","templated":true}]}}