{"id":138,"date":"2021-05-19T15:56:19","date_gmt":"2021-05-19T15:56:19","guid":{"rendered":"http:\/\/liceuldeartaoradea.ro\/maghiara\/?page_id=138"},"modified":"2023-02-04T09:22:11","modified_gmt":"2023-02-04T09:22:11","slug":"kapcsolat","status":"publish","type":"page","link":"https:\/\/liceuldeartaoradea.ro\/maghiara\/kapcsolat\/","title":{"rendered":"Kapcsolat"},"content":{"rendered":"<p>[et_pb_section fb_built=&#8221;1&#8243; admin_label=&#8221;Header&#8221; _builder_version=&#8221;4.19.1&#8243; background_enable_image=&#8221;off&#8221; background_size=&#8221;initial&#8221; background_repeat=&#8221;repeat&#8221; global_colors_info=&#8221;{}&#8221;][et_pb_row _builder_version=&#8221;4.16&#8243; use_custom_width=&#8221;on&#8221; width_unit=&#8221;off&#8221; custom_width_percent=&#8221;100%&#8221; locked=&#8221;off&#8221; global_colors_info=&#8221;{}&#8221;][et_pb_column type=&#8221;4_4&#8243; _builder_version=&#8221;4.16&#8243; custom_padding=&#8221;|||&#8221; global_colors_info=&#8221;{}&#8221; custom_padding__hover=&#8221;|||&#8221;][et_pb_text _builder_version=&#8221;4.19.1&#8243; text_font=&#8221;||||||||&#8221; header_2_font=&#8221;Prata||||||||&#8221; header_2_font_size=&#8221;45px&#8221; header_3_font=&#8221;||||||||&#8221; header_3_font_size=&#8221;40px&#8221; header_3_line_height=&#8221;1.3em&#8221; transform_translate_linked=&#8221;off&#8221; max_width=&#8221;100%&#8221; max_width_tablet=&#8221;70%&#8221; max_width_last_edited=&#8221;off|phone&#8221; hover_enabled=&#8221;0&#8243; header_3_font_size_tablet=&#8221;40px&#8221; header_3_font_size_phone=&#8221;35px&#8221; header_3_font_size_last_edited=&#8221;on|phone&#8221; global_colors_info=&#8221;{}&#8221; sticky_enabled=&#8221;0&#8243;]<\/p>\n<h2>Kapcsolat<\/h2>\n<p>[\/et_pb_text][\/et_pb_column][\/et_pb_row][et_pb_row column_structure=&#8221;1_3,1_3,1_3&#8243; _builder_version=&#8221;4.16&#8243; use_custom_width=&#8221;on&#8221; width_unit=&#8221;off&#8221; custom_width_percent=&#8221;100%&#8221; locked=&#8221;off&#8221; global_colors_info=&#8221;{}&#8221;][et_pb_column type=&#8221;1_3&#8243; _builder_version=&#8221;4.16&#8243; custom_padding=&#8221;|||&#8221; global_colors_info=&#8221;{}&#8221; custom_padding__hover=&#8221;|||&#8221;][et_pb_text _builder_version=&#8221;4.19.1&#8243; text_font=&#8221;||||||||&#8221; text_font_size=&#8221;12px&#8221; text_line_height=&#8221;2em&#8221; link_font=&#8221;||||on||||&#8221; link_text_color=&#8221;#666666&#8243; header_font=&#8221;||||||||&#8221; header_text_align=&#8221;left&#8221; max_width_tablet=&#8221;70%&#8221; max_width_last_edited=&#8221;off|phone&#8221; animation_style=&#8221;zoom&#8221; animation_intensity_zoom=&#8221;5%&#8221; header_3_font_size_last_edited=&#8221;off|desktop&#8221; global_colors_info=&#8221;{}&#8221;]<\/p>\n<h3>C\u00edm<\/h3>\n<p>Pet\u0151fi S\u00e1ndor park 26. sz\u00e1m, Nagyv\u00e1rad, Bihar megye<\/p>\n<p>[\/et_pb_text][\/et_pb_column][et_pb_column type=&#8221;1_3&#8243; _builder_version=&#8221;4.16&#8243; custom_padding=&#8221;|||&#8221; global_colors_info=&#8221;{}&#8221; custom_padding__hover=&#8221;|||&#8221;][et_pb_text _builder_version=&#8221;4.19.1&#8243; text_font=&#8221;||||||||&#8221; text_font_size=&#8221;12px&#8221; text_line_height=&#8221;2em&#8221; link_font=&#8221;||||on||||&#8221; link_text_color=&#8221;#666666&#8243; header_font=&#8221;||||||||&#8221; header_text_align=&#8221;left&#8221; max_width_tablet=&#8221;70%&#8221; max_width_last_edited=&#8221;off|phone&#8221; animation_style=&#8221;zoom&#8221; animation_intensity_zoom=&#8221;5%&#8221; header_3_font_size_last_edited=&#8221;off|desktop&#8221; global_colors_info=&#8221;{}&#8221;]<\/p>\n<h3>Telefon<a href=\"#\"><\/a><\/h3>\n<p>0359\/802308<\/p>\n<p>[\/et_pb_text][\/et_pb_column][et_pb_column type=&#8221;1_3&#8243; _builder_version=&#8221;4.16&#8243; custom_padding=&#8221;|||&#8221; global_colors_info=&#8221;{}&#8221; custom_padding__hover=&#8221;|||&#8221;][et_pb_text _builder_version=&#8221;4.19.1&#8243; text_font=&#8221;||||||||&#8221; text_font_size=&#8221;12px&#8221; text_line_height=&#8221;2em&#8221; link_font=&#8221;||||on||||&#8221; link_text_color=&#8221;#666666&#8243; header_font=&#8221;||||||||&#8221; header_text_align=&#8221;left&#8221; max_width_tablet=&#8221;70%&#8221; max_width_last_edited=&#8221;off|phone&#8221; animation_style=&#8221;zoom&#8221; animation_intensity_zoom=&#8221;5%&#8221; header_3_font_size_last_edited=&#8221;off|desktop&#8221; global_colors_info=&#8221;{}&#8221;]<\/p>\n<h3>E-mail<\/h3>\n<p>lartaoradea@yahoo.com<\/p>\n<p>[\/et_pb_text][\/et_pb_column][\/et_pb_row][\/et_pb_section][et_pb_section fb_built=&#8221;1&#8243; _builder_version=&#8221;4.16&#8243; _module_preset=&#8221;default&#8221; custom_padding=&#8221;3px|||||&#8221; global_colors_info=&#8221;{}&#8221;][et_pb_row _builder_version=&#8221;4.19.1&#8243; _module_preset=&#8221;default&#8221; custom_padding=&#8221;2px|||||&#8221; global_colors_info=&#8221;{}&#8221;][et_pb_column type=&#8221;4_4&#8243; _builder_version=&#8221;4.16&#8243; _module_preset=&#8221;default&#8221; global_colors_info=&#8221;{}&#8221;][et_pb_code _builder_version=&#8221;4.19.1&#8243; _module_preset=&#8221;default&#8221; custom_margin=&#8221;|||-3px||&#8221; global_colors_info=&#8221;{}&#8221;]<iframe src=\"https:\/\/www.google.com\/maps\/embed?pb=!1m18!1m12!1m3!1d1358.8500910237217!2d21.931371701331127!3d47.065731409422085!2m3!1f0!2f0!3f0!3m2!1i1024!2i768!4f13.1!3m3!1m2!1s0x47464875316d6065%3A0x8bb67ac596eaa762!2zTcWxdsOpc3pldGkgR2ltbsOheml1bSwgTmFneXbDoXJhZA!5e0!3m2!1sen!2sro!4v1670511237529!5m2!1sen!2sro\" width=\"100%\" height=\"450\" style=\"border:0;\" allowfullscreen=\"\" loading=\"lazy\"><\/iframe>[\/et_pb_code][\/et_pb_column][\/et_pb_row][\/et_pb_section]<\/p>\n","protected":false},"excerpt":{"rendered":"<p>KapcsolatC\u00edm Pet\u0151fi S\u00e1ndor park 26. sz\u00e1m, Nagyv\u00e1rad, Bihar megyeTelefon 0359\/802308E-mail lartaoradea@yahoo.com<\/p>\n","protected":false},"author":2,"featured_media":0,"parent":0,"menu_order":0,"comment_status":"closed","ping_status":"closed","template":"","meta":{"_et_pb_use_builder":"on","_et_pb_old_content":"","_et_gb_content_width":"","footnotes":""},"class_list":["post-138","page","type-page","status-publish","hentry"],"_links":{"self":[{"href":"https:\/\/liceuldeartaoradea.ro\/maghiara\/wp-json\/wp\/v2\/pages\/138","targetHints":{"allow":["GET"]}}],"collection":[{"href":"https:\/\/liceuldeartaoradea.ro\/maghiara\/wp-json\/wp\/v2\/pages"}],"about":[{"href":"https:\/\/liceuldeartaoradea.ro\/maghiara\/wp-json\/wp\/v2\/types\/page"}],"author":[{"embeddable":true,"href":"https:\/\/liceuldeartaoradea.ro\/maghiara\/wp-json\/wp\/v2\/users\/2"}],"replies":[{"embeddable":true,"href":"https:\/\/liceuldeartaoradea.ro\/maghiara\/wp-json\/wp\/v2\/comments?post=138"}],"version-history":[{"count":7,"href":"https:\/\/liceuldeartaoradea.ro\/maghiara\/wp-json\/wp\/v2\/pages\/138\/revisions"}],"predecessor-version":[{"id":575,"href":"https:\/\/liceuldeartaoradea.ro\/maghiara\/wp-json\/wp\/v2\/pages\/138\/revisions\/575"}],"wp:attachment":[{"href":"https:\/\/liceuldeartaoradea.ro\/maghiara\/wp-json\/wp\/v2\/media?parent=138"}],"curies":[{"name":"wp","href":"https:\/\/api.w.org\/{rel}","templated":true}]}}