{"id":23,"date":"2021-05-19T11:58:27","date_gmt":"2021-05-19T11:58:27","guid":{"rendered":"http:\/\/liceuldeartaoradea.ro\/maghiara\/?page_id=23"},"modified":"2026-04-14T16:32:57","modified_gmt":"2026-04-14T16:32:57","slug":"fooldal","status":"publish","type":"page","link":"https:\/\/liceuldeartaoradea.ro\/maghiara\/","title":{"rendered":"F\u0151oldal"},"content":{"rendered":"<p>[et_pb_section fb_built=&#8221;1&#8243; _builder_version=&#8221;4.16&#8243; _module_preset=&#8221;default&#8221; use_background_color_gradient=&#8221;on&#8221; background_color_gradient_direction=&#8221;188deg&#8221; background_color_gradient_stops=&#8221;rgba(255,255,255,0) 0%|rgba(255,255,255,0.43) 100%&#8221; background_color_gradient_overlays_image=&#8221;on&#8221; background_color_gradient_start=&#8221;rgba(255,255,255,0)&#8221; background_color_gradient_end=&#8221;rgba(255,255,255,0.43)&#8221; background_image=&#8221;https:\/\/liceuldeartaoradea.ro\/maghiara\/wp-content\/uploads\/2021\/05\/arta1.jpg&#8221; custom_padding=&#8221;154px||183px|||&#8221; global_colors_info=&#8221;{}&#8221;][et_pb_row _builder_version=&#8221;4.16&#8243; _module_preset=&#8221;default&#8221; global_colors_info=&#8221;{}&#8221;][et_pb_column type=&#8221;4_4&#8243; _builder_version=&#8221;4.16&#8243; _module_preset=&#8221;default&#8221; global_colors_info=&#8221;{}&#8221;][et_pb_text _builder_version=&#8221;4.16&#8243; _module_preset=&#8221;default&#8221; header_font=&#8221;Prata|700|||||||&#8221; header_text_align=&#8221;center&#8221; header_text_color=&#8221;#aa7008&#8243; header_font_size=&#8221;84px&#8221; header_line_height=&#8221;1.2em&#8221; global_colors_info=&#8221;{}&#8221;][\/et_pb_text][dsm_gradient_text gradient_text=&#8221;A NAGYV\u00c1RADI M\u0170V\u00c9SZETI L\u00cdCEUM&#8221; _builder_version=&#8221;4.19.1&#8243; _module_preset=&#8221;default&#8221; header_font=&#8221;Times New Roman||||||||&#8221; header_text_color=&#8221;#E09900&#8243; header_font_size=&#8221;100px&#8221; text_orientation=&#8221;center&#8221; filter_hue_rotate=&#8221;195deg&#8221; filter_brightness=&#8221;150%&#8221; filter_contrast=&#8221;150%&#8221; header_font_size_tablet=&#8221;90px&#8221; header_font_size_phone=&#8221;45px&#8221; header_font_size_last_edited=&#8221;on|tablet&#8221; header_text_shadow_style=&#8221;preset3&#8243; text_shadow_style=&#8221;preset3&#8243; text_shadow_blur_strength=&#8221;0.5em&#8221; global_colors_info=&#8221;{}&#8221;][\/dsm_gradient_text][\/et_pb_column][\/et_pb_row][\/et_pb_section][et_pb_section fb_built=&#8221;1&#8243; _builder_version=&#8221;4.19.1&#8243; _module_preset=&#8221;default&#8221; background_enable_image=&#8221;off&#8221; global_colors_info=&#8221;{}&#8221;][et_pb_row custom_padding_last_edited=&#8221;off|phone&#8221; _builder_version=&#8221;4.16&#8243; background_position=&#8221;bottom_center&#8221; custom_padding_tablet=&#8221;17vw||17vw||false&#8221; use_custom_width=&#8221;on&#8221; width_unit=&#8221;off&#8221; custom_width_percent=&#8221;100%&#8221; locked=&#8221;off&#8221; global_colors_info=&#8221;{}&#8221;][et_pb_column type=&#8221;4_4&#8243; _builder_version=&#8221;4.16&#8243; custom_padding=&#8221;|||&#8221; global_colors_info=&#8221;{}&#8221; custom_padding__hover=&#8221;|||&#8221;][et_pb_text _builder_version=&#8221;4.19.1&#8243; text_font=&#8221;||||||||&#8221; header_font=&#8221;||||||||&#8221; header_2_font=&#8221;Prata|500|||||||&#8221; header_2_text_align=&#8221;left&#8221; header_2_font_size=&#8221;45px&#8221; header_2_line_height=&#8221;1.3em&#8221; transform_translate_linked=&#8221;off&#8221; max_width=&#8221;100%&#8221; max_width_tablet=&#8221;70%&#8221; max_width_last_edited=&#8221;off|phone&#8221; header_2_font_size_tablet=&#8221;45px&#8221; header_2_font_size_phone=&#8221;45px&#8221; header_2_font_size_last_edited=&#8221;on|phone&#8221; global_colors_info=&#8221;{}&#8221;]<\/p>\n<h2><span>\u00dcdv\u00f6z\u00f6lj\u00fck honlapunkon!<\/span><\/h2>\n<p>[\/et_pb_text][\/et_pb_column][\/et_pb_row][et_pb_row column_structure=&#8221;2_3,1_3&#8243; _builder_version=&#8221;4.16&#8243; _module_preset=&#8221;default&#8221; background_color=&#8221;#FFFFFF&#8221; global_colors_info=&#8221;{}&#8221;][et_pb_column type=&#8221;2_3&#8243; _builder_version=&#8221;4.16&#8243; _module_preset=&#8221;default&#8221; global_colors_info=&#8221;{}&#8221;][et_pb_text _builder_version=&#8221;4.16&#8243; _module_preset=&#8221;default&#8221; global_colors_info=&#8221;{}&#8221;]<\/p>\n<p>Kedves L\u00e1togat\u00f3!<\/p>\n<p>Szeretettel k\u00f6sz\u00f6nt\u00f6m a Nagyv\u00e1radi M\u0171v\u00e9szeti L\u00edceum honlapj\u00e1n.<\/p>\n<p>Van-e csod\u00e1latosabb \u00e9rz\u00e9s ann\u00e1l, mint be\u00fclni egy koncertre \u00e9s \u00e1t\u00e9lni a zen\u00e9t? Van-e l\u00e9lekemel\u0151bb \u00e9rz\u00e9s annal, mint egy ki\u00e1ll\u00edt\u00e1son gy\u00f6ny\u00f6rk\u00f6dni di\u00e1kjaink szebbn\u00e9l szebb alkot\u00e1s\u00e1ban? Ez a M\u0171v\u00e9szeti l\u00e9nyege, de am\u00edg ide eljutunk, addig mindig hossz\u00fa \u00fat vezet. Ezen az \u00faton pedig ott vagyunk mi pedag\u00f3gusok is, \u00e9s igyeksz\u00fcnk legjobb tud\u00e1sunk szerint a gyermekek \u00e9s fiatalok mellett lenni, szakszer\u0171en ir\u00e1ny\u00edtva, tan\u00edtva \u00e9s nevelve \u0151ket.\u00a0<\/p>\n<p>Iskol\u00e1nk, Bihar megye \u00e9s a r\u00e9gi\u00f3 egyetlen magyar tannyelv\u0171 m\u0171v\u00e9szeti oktat\u00e1st biztos\u00edt\u00f3 k\u00f6z\u00e9piskolai int\u00e9zm\u00e9nye, ahol V. oszt\u00e1lyt\u00f3l eg\u00e9szen az \u00e9retts\u00e9gi megszerz\u00e9s\u00e9ig tanulhatnak a di\u00e1kok. A Nagyv\u00e1radi M\u0171v\u00e9szeti L\u00edceumban jelenleg zenem\u0171v\u00e9szeti, k\u00e9pz\u0151m\u0171v\u00e9szeti \u00e9s m\u0171\u00e9p\u00edt\u00e9szeti szakon folyik az oktat\u00f3i-nevel\u0151i munka. Emellett az elemi oszt\u00e1lyok sz\u00e1m\u00e1ra k\u00fcls\u0151s, zenem\u0171v\u00e9szeti oszt\u00e1lyaink is m\u0171k\u00f6dnek.<\/p>\n<p>A Nagyv\u00e1radi M\u0171v\u00e9szeti L\u00edceumnak k\u00fcl\u00f6nleges hangulata van: itt j\u00f3l \u00e9rzi mag\u00e1t a tanul\u00f3 \u00e9s a tan\u00e1r egyar\u00e1nt. Itt a tanul\u00f3 is alkot\u00f3 r\u00e9szese a tan\u00edt\u00e1s-tanul\u00e1s folyamat\u00e1nak. A siker\u00e9lm\u00e9nyen kereszt\u00fcl t\u00f6rt\u00e9n\u0151 munk\u00e1t tartjuk c\u00e9lravezet\u0151nek. Biztos\u00edtani k\u00edv\u00e1njuk di\u00e1kjank sz\u00e1m\u00e1ra azt a teret, ahol gyakorolhatj\u00e1k \u00e9s fejleszthetik k\u00e9pess\u00e9geiket, s mindek\u00f6zben felfedezhetik \u00f6nmagukat. A zenei el\u0151ad\u00e1sok \u00e9s a ki\u00e1ll\u00edt\u00e1sok sor\u00e1n a di\u00e1kok \u00e1t\u00e9lik, hogy mit jelent adni, \u00f6nzetlen\u00fcl adni! Napjainkban ez szint\u00e9n egy hatalmas \u00e9rt\u00e9k! A zenei nevel\u00e9s bizony\u00edtottan hozz\u00e1j\u00e1rul az agresszi\u00f3 cs\u00f6kkent\u00e9s\u00e9hez, odafigyel\u00e9sre, tapintatoss\u00e1gra, elfogad\u00e1sra nevel.<\/p>\n<p>\u00c9rzelmileg \u00e9s erk\u00f6lcsileg elsek\u00e9lyesed\u0151 vil\u00e1gunkban \u00f3ri\u00e1si szerepet kaphat a m\u0171v\u00e9szeti \u00f3r\u00e1kon t\u00f6rt\u00e9n\u0151 \u00e9rzelmi nevel\u00e9s! A di\u00e1kok m\u0171v\u00e9szi hajlamainak kibontakoztat\u00e1sa egy olyan vil\u00e1ghoz vezet\u0151 \u00fat els\u0151 m\u00e9rf\u00f6ldk\u00f6ve, amelyen elindulva igazi \u00e9rt\u00e9kekhez jut, s\u0151t maga is \u00e9rt\u00e9ket hoz l\u00e9tre.<\/p>\n<p>Sz\u00e1mos versenyen, rendezv\u00e9nyen sz\u00e9p eredm\u00e9nyeket \u00e9rt\u00fcnk el, de tal\u00e1n legnagyobb siker\u00fcnk az, hogy a di\u00e1kok IX. oszt\u00e1lyt\u00f3l kezdve m\u00e1r tudatosan \u00e9s nem csup\u00e1n sz\u00fcl\u0151i \u00fatbaigaz\u00edt\u00e1sra v\u00e1lasztj\u00e1k tanint\u00e9zm\u00e9ny\u00fcnket.<\/p>\n<p>Ugyanolyan szinten biztos\u00edtott a sz\u00ednvonalas oktat\u00e1s\/nevel\u00e9s a m\u0171v\u00e9szeti tant\u00e1rgyak mellett a t\u00f6bbi k\u00f6telez\u0151, kerettantervben szerepl\u0151 tant\u00e1rgy eset\u00e9ben is. Tan\u00e1raink legnagyobb r\u00e9sze I. fokozati vizsg\u00e1val rendelkezik, j\u00f3l felk\u00e9sz\u00fclt, a tan\u00e1ri p\u00e1ly\u00e1t hivat\u00e1sk\u00e9nt meg\u00e9l\u0151 szakember. T\u00f6bb di\u00e1kunk a tant\u00e1rgyversenyek orsz\u00e1gos szakasz\u00e1ig is eljutott, ahol sz\u00e1mos d\u00edjazottunk is volt.<\/p>\n<p>A vid\u00e9kr\u0151l ing\u00e1z\u00f3 di\u00e1kok sz\u00e1m\u00e1ra el\u0151ny\u00f6s lehet tanint\u00e9zm\u00e9ny\u00fcnk v\u00e1laszt\u00e1sa, mivel a buszb\u00e9rletek \u00e1r\u00e1t az iskola visszat\u00e9r\u00edti. A t\u00e1volabbr\u00f3l \u00e9rkez\u0151 di\u00e1koknak helyet is tudunk biztos\u00edtani a bentlak\u00e1sban.<\/p>\n<p>Tanul\u00f3ink itt f\u00f6lk\u00e9sz\u00fclhetnek az \u00e9letre, a tov\u00e1bbtanulni sz\u00e1nd\u00e9koz\u00f3knak megfelel\u0151 alapot biztos\u00edtunk a k\u00f6z\u00e9piskolai, valamint az egyetemi szint\u0171 oktat\u00e1si int\u00e9zm\u00e9nyekbe val\u00f3 bejut\u00e1shoz. De ami tal\u00e1n m\u00e9g enn\u00e9l is fontosabb: felk\u00e9sz\u00edtj\u00fck di\u00e1kjainkat az ottani k\u00f6vetelm\u00e9nyek, neh\u00e9zs\u00e9gek n\u00e9lk\u00fcli teljes\u00edt\u00e9s\u00e9hez, mivel nemcsak az ismeretek \u00e1tad\u00e1s\u00e1ra ford\u00edtjuk figyelm\u00fcnket, hanem mindek\u00f6zben nevel\u00fcnk, jellemet form\u00e1lunk \u00e9s kitart\u00f3, lelkiismeretes munk\u00e1ra is szoktatjuk \u0151ket. Hiszen egy hangszer megsz\u00f3laltat\u00e1sa vagy egy m\u0171v\u00e9szeti alkot\u00e1s megjelen\u00edt\u00e9se kitart\u00f3 munk\u00e1nak a gy\u00fcm\u00f6lcse.<\/p>\n<p>A \u201ehagyom\u00e1nyos\u201d t\u00e1rgyak csak arr\u00f3l sz\u00f3lnak, ami k\u00f6r\u00fclvesz minket, arr\u00f3l, hogyan m\u0171k\u00f6dik a vil\u00e1g; a m\u0171v\u00e9szeti t\u00e1rgyak a bels\u0151 l\u00e1t\u00e1st valamint a kreat\u00edv k\u00e9szs\u00e9geket fejlesztik. A m\u0171v\u00e9szeti oktat\u00e1sban a tanul\u00f3 felfedez\u0151\u00fatra indul \u2013 felfedezi saj\u00e1t bels\u0151 vil\u00e1g\u00e1t, k\u00e9pess\u00e9geit, \u00e9s a k\u00fcl\u00f6nf\u00e9le m\u0171v\u00e9szi form\u00e1k kifejez\u00e9svil\u00e1g\u00e1t.<\/p>\n<p>Iskol\u00e1nkban t\u00f6reksz\u00fcnk arra, hogy a tan\u00e9v minden szak\u00e1ban v\u00e1ltozatos programokkal v\u00e1rjuk tanul\u00f3inkat, a sz\u00fcl\u0151k k\u00f6z\u00f6ss\u00e9g\u00e9t, partnereinket. Munk\u00e1nkat alapvet\u0151en meghat\u00e1rozz\u00e1k az int\u00e9zm\u00e9nyhez \u00e9s n\u00e9p\u00fcnkh\u00f6z k\u00f6t\u0151d\u0151 hagyom\u00e1nyok, a civil szervezetekkel t\u00f6rt\u00e9n\u0151 sz\u00e9les k\u00f6r\u0171 egy\u00fcttm\u0171k\u00f6d\u00e9s, az innov\u00e1ci\u00f3s lehet\u0151s\u00e9gek min\u00e9l teljesebb alkalmaz\u00e1sa.<\/p>\n<p>Munkat\u00e1rsaimmal egy\u00fctt \u00f6r\u00fcl\u00fcnk annak, hogy a k\u00f6r\u00fcl\u00f6tt\u00fcnk zajl\u00f3 \u2013 t\u00e1rsadalmat, gazdas\u00e1got \u2013 \u00e9rint\u0151 v\u00e1ltoz\u00e1sok k\u00f6zepette is k\u00e9pesek vagyunk tanul\u00f3ink sz\u00e1m\u00e1ra biztos\u00edtani a sokoldal\u00fa k\u00e9pess\u00e9gfejleszt\u00e9st.<\/p>\n<p>&nbsp;<\/p>\n<p>Honlapunkon j\u00f3 b\u00f6ng\u00e9sz\u00e9st k\u00edv\u00e1nok!<\/p>\n<p>Nagy Gabriella,<\/p>\n<p>a Nagyv\u00e1radi M\u0171v\u00e9szeti L\u00edceum igazgat\u00f3helyettese<\/p>\n<p>[\/et_pb_text][\/et_pb_column][et_pb_column type=&#8221;1_3&#8243; _builder_version=&#8221;4.16&#8243; _module_preset=&#8221;default&#8221; global_colors_info=&#8221;{}&#8221;][et_pb_image src=&#8221;https:\/\/liceuldeartaoradea.ro\/maghiara\/wp-content\/uploads\/2021\/11\/Nagy-Gabriella-1.jpg&#8221; title_text=&#8221;Nagy Gabriella 1&#8243; _builder_version=&#8221;4.16&#8243; _module_preset=&#8221;default&#8221; global_colors_info=&#8221;{}&#8221;][\/et_pb_image][\/et_pb_column][\/et_pb_row][et_pb_row _builder_version=&#8221;4.19.1&#8243; _module_preset=&#8221;default&#8221; global_colors_info=&#8221;{}&#8221;][et_pb_column type=&#8221;4_4&#8243; _builder_version=&#8221;4.19.1&#8243; _module_preset=&#8221;default&#8221; global_colors_info=&#8221;{}&#8221;][et_pb_divider color=&#8221;#AFAFAF&#8221; _builder_version=&#8221;4.19.1&#8243; _module_preset=&#8221;default&#8221; global_colors_info=&#8221;{}&#8221;][\/et_pb_divider][et_pb_text _builder_version=&#8221;4.19.1&#8243; _module_preset=&#8221;default&#8221; global_colors_info=&#8221;{}&#8221;]<\/p>\n<h3>FELV\u00c9TELI 2025: SOK SZERETETTEL V\u00c1RUNK MINDEN TEHETS\u00c9GES DI\u00c1KOT A M\u0170V\u00c9SZETIBE!<\/h3>\n<h4>BEIRATKOZ\u00c1S A TEHETS\u00c9GFELM\u00c9R\u0150 PR\u00d3B\u00c1KRA K\u00dcLS\u0150S\u00d6K SZ\u00c1M\u00c1RA<\/h4>\n<p>Beiratkoz\u00e1s <span style=\"color: #ff0000;\"><strong>2026. janu\u00e1r 31. &#8211; j\u0171nius 16., 8 \u00e9s 16.30 k\u00f6z\u00f6tt, p\u00e9nteki napokon 8 \u00e9s 14:00 k\u00f6z\u00f6tt<\/strong><\/span>, iskol\u00e1nk titk\u00e1rs\u00e1g\u00e1n (Nagyv\u00e1rad, Menumorut utca 33. sz\u00e1m, A \u00e9p\u00fclet, r\u00f6gt\u00f6n a bej\u00e1rat mellett, a Kanonok sor 23. sz\u00e1m alatt, vagy a Pet\u0151fi Park melletti \u00e9p\u00fclet\u00fcnkben az Igazgat\u00f3s\u00e1gon) &#8211; ID\u00c9N 2 OSZT\u00c1LY INDUL !!!<\/p>\n<p>A felv\u00e9teli id\u0151pontja <span style=\"color: #ff0000;\"><strong>2026. j\u0171nius 16., 15.00 \u00f3r\u00e1t\u00f3l<\/strong><\/span>, a Kanonok sor 23. sz\u00e1m alatt.<\/p>\n<h4>BEIRATKOZ\u00c1S A TEHETS\u00c9GFELM\u00c9R\u0150 PR\u00d3B\u00c1KRA IV. OSZT\u00c1LYOSOK SZ\u00c1M\u00c1RA<\/h4>\n<p>Beiratkoz\u00e1s <span style=\"color: #ff0000;\"><strong>2026. febru\u00e1r 31. &#8211; j\u0171nius 22., 8 \u00e9s 16.30 k\u00f6z\u00f6tt, p\u00e9nteki napokon 8 \u00e9s 14:00 k\u00f6z\u00f6tt<\/strong><\/span>, iskol\u00e1nk titk\u00e1rs\u00e1g\u00e1n (Nagyv\u00e1rad, Menumorut utca 33. sz\u00e1m, A \u00e9p\u00fclet, r\u00f6gt\u00f6n a bej\u00e1rat mellett, a Kanonok sor 23. sz\u00e1m alatt, vagy a Pet\u0151fi Park melletti \u00e9p\u00fclet\u00fcnkben az Igazgat\u00f3s\u00e1gon).<\/p>\n<p>A felv\u00e9teli id\u0151pontja <span style=\"color: #ff0000;\"><strong>2026. j\u0171nius 23., 10.00 \u00f3r\u00e1t\u00f3l<\/strong><\/span>, a Kanonok sor 23. sz\u00e1m alatt.<\/p>\n<h4>BEIRATKOZ\u00c1S A TEHETS\u00c9GFELM\u00c9R\u0150 PR\u00d3B\u00c1KRA VIII. OSZT\u00c1LYOSOK SZ\u00c1M\u00c1RA<\/h4>\n<p>Beiratkoz\u00e1s <span style=\"color: #ff0000;\"><strong>2026. m\u00e1jus 13.-14.-\u00e9n<span> 8 \u00e9s 16.30 k\u00f6z\u00f6tt, 15-\u00e9n 8 \u00e9s 14:00 k\u00f6z\u00f6tt<\/span><\/strong><\/span>, iskol\u00e1nk titk\u00e1rs\u00e1g\u00e1n (Nagyv\u00e1rad, Menumorut utca 33. sz\u00e1m, A \u00e9p\u00fclet, r\u00f6gt\u00f6n a bej\u00e1rat mellett).<\/p>\n<p>A felv\u00e9teli <span style=\"color: #ff0000;\"><strong>2026. m\u00e1jus 18.-20.-\u00e1n<\/strong><\/span> zajlik, a k\u00f6vetkez\u0151k\u00e9ppen:<\/p>\n<ul>\n<li><span>Csend\u00e9let (k\u00e9pz\u0151m\u0171v\u00e9szet \u00e9s m\u0171\u00e9p\u00edt\u00e9szet szakra egyar\u00e1nt),<\/span><\/li>\n<li><span>A kreativit\u00e1s pr\u00f3ba k\u00e9pz\u0151m\u0171v\u00e9szet szakra (fest\u00e9szet vagy agyagoz\u00e1s),<\/span><\/li>\n<li><span>A kreativit\u00e1s pr\u00f3ba m\u0171ep\u00edt\u00e9szet szakra (kompoz\u00edci\u00f3alkot\u00e1s akrilfest\u00e9k, sz\u00ednes ceruza, tempera vagy vegyes tekhnika seg\u00edts\u00e9g\u00e9vel).<\/span><span><\/span><span><\/span><\/li>\n<\/ul>\n<p>A vizsg\u00e1k pontos id\u0151beoszt\u00e1s\u00e1t a beiratkoz\u00e1s alkalm\u00e1val k\u00f6z\u00f6lj\u00fck.<\/p>\n<p>A Csend\u00e9let elk\u00e9sz\u00edt\u00e9s\u00e9hez sz\u00fcks\u00e9ges eszk\u00f6z\u00f6k, amit hozni kell: A3-as rajzlapok (legal\u00e1bb 4 darab), grafitceruz\u00e1k (B t\u00edpus\u00fa, t\u00f6bb m\u00e9ret\u0171), rad\u00edr, cellux.<\/p>\n<p>A fest\u00e9szeti pr\u00f3b\u00e1hoz ecseteket, v\u00edzfest\u00e9ket vagy temper\u00e1t vagy akrill fest\u00e9ket, palett\u00e1t lapokat, vizes poharat.<\/p>\n<p>A zeneszakra jelentkez\u0151k sz\u00e1m\u00e1ra a tehets\u00e9gpr\u00f3b\u00e1k id\u0151pontj\u00e1t a beiratkoz\u00e1st k\u00f6vet\u0151en k\u00f6z\u00f6lj\u00fck.<\/p>\n<h3>INGYENES FELK\u00c9SZ\u00cdT\u0150 A TEHETS\u00c9GFELM\u00c9R\u0150 PR\u00d3B\u00c1KRA<\/h3>\n<p><strong>Iskol\u00e1nk tan\u00e1rai ingyenes felk\u00e9sz\u00edt\u0151ket tartanak a felv\u00e9teli vizsga el\u0151tt, 2026. \u00e1prilis h\u00f3nap folyam\u00e1n, d\u00e9lut\u00e1nonk\u00e9nt (a pontos id\u0151beoszt\u00e1s iskol\u00e1nk hirdet\u0151t\u00e1bl\u00e1j\u00e1n lesz kif\u00fcggesztve m\u00e1rcius v\u00e9g\u00e9n, valamint honlapunkon is megjelenik).<\/strong><\/p>\n<p><strong><span style=\"color: #e02b20;\">Az ingyenes felk\u00e9sz\u00edt\u0151k id\u0151pontjai<\/span><\/strong> &#8212;<\/p>\n<table width=\"100%\" border=\"0\" style=\"width: 100%;\">\n<tbody>\n<tr style=\"height: 24px;\">\n<td style=\"height: 24px;\"><b>Tant\u00e1rgy <\/b><\/td>\n<td style=\"height: 24px;\"><b>A felk\u00e9sz\u00edt\u0151 napja <\/b><\/td>\n<td style=\"height: 24px;\"><b>Id\u0151pont <\/b><\/td>\n<td style=\"height: 24px;\"><b>Terem <\/b><\/td>\n<td style=\"height: 24px;\"><b>Felk\u00e9sz\u00edt\u0151 tan\u00e1r<\/b><\/td>\n<\/tr>\n<tr style=\"height: 24px;\">\n<td style=\"height: 24px;\"><b>SZ\u00cdN KOMPOZ\u00cdCI\u00d3,<br \/>AGYAGOZ\u00c1S (MINT\u00c1Z\u00c1S, SZOBR\u00c1SZAT)<\/b><\/td>\n<td style=\"height: 24px;\">&#8212;<\/td>\n<td style=\"height: 24px;\">15-17 \u00f3ra k\u00f6z\u00f6tt<\/td>\n<td style=\"height: 24px;\">&#8212;<\/td>\n<td style=\"height: 24px;\">&#8212;<\/td>\n<\/tr>\n<tr style=\"height: 24px;\">\n<td style=\"height: 24px;\"><b>RAJZ<\/b><\/td>\n<td style=\"height: 24px;\">&#8212;<\/td>\n<td style=\"height: 24px;\">15-17 \u00f3ra k\u00f6z\u00f6tt<\/td>\n<td style=\"height: 24px;\">&#8212;<\/td>\n<td style=\"height: 24px;\">&#8212;<\/td>\n<\/tr>\n<tr style=\"height: 24px;\">\n<td style=\"height: 24px;\"><b>SZ\u00cdN KOMPOZ\u00cdCI\u00d3,<br \/>AGYAGOZ\u00c1S (MINT\u00c1Z\u00c1S, SZOBR\u00c1SZAT)<\/b><\/td>\n<td style=\"height: 24px;\">&#8212;<\/td>\n<td style=\"height: 24px;\">15-17 \u00f3ra k\u00f6z\u00f6tt<\/td>\n<td style=\"height: 24px;\">&#8212;<\/td>\n<td style=\"height: 24px;\">&#8212;<\/td>\n<\/tr>\n<tr style=\"height: 24px;\">\n<td style=\"height: 24px;\"><b>RAJZ<\/b><\/td>\n<td style=\"height: 24px;\">&#8212;<\/td>\n<td style=\"height: 24px;\">15-17 \u00f3ra k\u00f6z\u00f6tt<\/td>\n<td style=\"height: 24px;\">&#8212;<\/td>\n<td style=\"height: 24px;\">&#8212;<\/td>\n<\/tr>\n<\/tbody>\n<\/table>\n<p>B\u0151vebb inform\u00e1ci\u00f3k\u00e9rt h\u00edvj\u00e1k iskol\u00e1nk titk\u00e1rs\u00e1g\u00e1t: 0259 411274, valamint 0359 802307. Amennyiben magyar nyelv\u0171 t\u00e1j\u00e9koztat\u00e1st ig\u00e9nyelnek telefonon, vagy e-mailen, k\u00e9rj\u00fck jelezz\u00e9k!<\/p>\n<p>[\/et_pb_text][et_pb_video src=&#8221;https:\/\/www.youtube.com\/watch?v=A-869Uh_sYY&#8221; _builder_version=&#8221;4.19.1&#8243; _module_preset=&#8221;default&#8221; box_shadow_style=&#8221;preset1&#8243; global_colors_info=&#8221;{}&#8221;][\/et_pb_video][\/et_pb_column][\/et_pb_row][\/et_pb_section]<\/p>\n","protected":false},"excerpt":{"rendered":"<p><div class=\"et_pb_module dsm_gradient_text dsm_gradient_text_0  et_pb_text_align_center\">\n\t\t\t\t\n\t\t\t\t\n\t\t\t\t\n\t\t\t\t\n\t\t\t\t\n\t\t\t\t\n\t\t\t\t<div class=\"et_pb_module_inner\">\n\t\t\t\t\t<h1 class=\"dsm-gradient-text et_pb_module_header\">A NAGYV\u00c1RADI M\u0170V\u00c9SZETI L\u00cdCEUM<\/h1>\n\t\t\t\t<\/div>\n\t\t\t<\/div>\u00dcdv\u00f6z\u00f6lj\u00fck honlapunkon!Kedves L\u00e1togat\u00f3! Szeretettel k\u00f6sz\u00f6nt\u00f6m a Nagyv\u00e1radi M\u0171v\u00e9szeti L\u00edceum honlapj\u00e1n. Van-e csod\u00e1latosabb \u00e9rz\u00e9s ann\u00e1l, mint be\u00fclni egy koncertre \u00e9s \u00e1t\u00e9lni a zen\u00e9t? Van-e l\u00e9lekemel\u0151bb \u00e9rz\u00e9s annal, mint egy ki\u00e1ll\u00edt\u00e1son gy\u00f6ny\u00f6rk\u00f6dni di\u00e1kjaink szebbn\u00e9l szebb [&hellip;]<\/p>\n","protected":false},"author":1,"featured_media":0,"parent":0,"menu_order":0,"comment_status":"closed","ping_status":"closed","template":"","meta":{"_et_pb_use_builder":"on","_et_pb_old_content":"","_et_gb_content_width":"","footnotes":""},"class_list":["post-23","page","type-page","status-publish","hentry"],"_links":{"self":[{"href":"https:\/\/liceuldeartaoradea.ro\/maghiara\/wp-json\/wp\/v2\/pages\/23","targetHints":{"allow":["GET"]}}],"collection":[{"href":"https:\/\/liceuldeartaoradea.ro\/maghiara\/wp-json\/wp\/v2\/pages"}],"about":[{"href":"https:\/\/liceuldeartaoradea.ro\/maghiara\/wp-json\/wp\/v2\/types\/page"}],"author":[{"embeddable":true,"href":"https:\/\/liceuldeartaoradea.ro\/maghiara\/wp-json\/wp\/v2\/users\/1"}],"replies":[{"embeddable":true,"href":"https:\/\/liceuldeartaoradea.ro\/maghiara\/wp-json\/wp\/v2\/comments?post=23"}],"version-history":[{"count":31,"href":"https:\/\/liceuldeartaoradea.ro\/maghiara\/wp-json\/wp\/v2\/pages\/23\/revisions"}],"predecessor-version":[{"id":954,"href":"https:\/\/liceuldeartaoradea.ro\/maghiara\/wp-json\/wp\/v2\/pages\/23\/revisions\/954"}],"wp:attachment":[{"href":"https:\/\/liceuldeartaoradea.ro\/maghiara\/wp-json\/wp\/v2\/media?parent=23"}],"curies":[{"name":"wp","href":"https:\/\/api.w.org\/{rel}","templated":true}]}}